{"id":25,"date":"2023-07-04T01:52:20","date_gmt":"2023-07-04T01:52:20","guid":{"rendered":"https:\/\/printspace.harutheme.com\/packaging\/?page_id=25"},"modified":"2025-03-21T14:14:03","modified_gmt":"2025-03-21T14:14:03","slug":"home-1","status":"publish","type":"page","link":"https:\/\/agpimprimerie.com\/","title":{"rendered":"Home 1"},"content":{"rendered":"\t\t<div data-elementor-type=\"wp-page\" data-elementor-id=\"25\" class=\"elementor elementor-25\" data-elementor-post-type=\"page\">\n\t\t\t\t<div class=\"elementor-element elementor-element-26861d1 e-flex e-con-boxed e-con e-parent\" data-id=\"26861d1\" data-element_type=\"container\" data-e-type=\"container\" data-settings=\"{&quot;background_background&quot;:&quot;classic&quot;}\">\n\t\t\t\t\t<div class=\"e-con-inner\">\n\t\t<div class=\"elementor-element elementor-element-d2701d8 e-con-full e-flex e-con e-child\" data-id=\"d2701d8\" data-element_type=\"container\" data-e-type=\"container\">\n\t\t<div class=\"elementor-element elementor-element-77cf205 e-con-full e-flex e-con e-child\" data-id=\"77cf205\" data-element_type=\"container\" data-e-type=\"container\">\n\t\t\t\t<div class=\"elementor-element elementor-element-375c4c8 elementor-widget elementor-widget-haru-heading\" data-id=\"375c4c8\" data-element_type=\"widget\" data-e-type=\"widget\" data-widget_type=\"haru-heading.default\">\n\t\t\t\t<div class=\"elementor-widget-container\">\n\t\t\t\t\t<h2 class=\"haru-heading-title haru-heading-title--sub-heading-6\">Imprimerie AGP<\/h2>\t\t\t\t<\/div>\n\t\t\t\t<\/div>\n\t\t\t\t<div class=\"elementor-element elementor-element-9fe9b5b elementor-widget elementor-widget-haru-text-animation\" data-id=\"9fe9b5b\" data-element_type=\"widget\" data-e-type=\"widget\" data-widget_type=\"haru-text-animation.default\">\n\t\t\t\t<div class=\"elementor-widget-container\">\n\t\t\t\t\t\n        \t\t        \t<div id=\"haru-text-animation-9fe9b5b\" class=\"haru-text-animation haru-text-animation--style-1\">\n\t        \t\t<h2 class=\"haru-text-animation__heading\">\n\t\t  \t<span class=\"haru-text-animation__typewrite\" data-period=\"100\" data-type='[ &quot;Faites bonne &lt;br&gt; impression!&quot;]' data-color=\"\">\n\t    <span class=\"haru-text-animation__typewrap\">Faites bonne <br> impression!<\/span>\n\t    \t      \t<\/span>\n  \t  \t<\/h2>\n\n\t    \t\t<\/div>\n    \t\t\n    \t\t\t\t\t\t<\/div>\n\t\t\t\t<\/div>\n\t\t\t\t<div class=\"elementor-element elementor-element-06fb635 elementor-widget elementor-widget-haru-heading\" data-id=\"06fb635\" data-element_type=\"widget\" data-e-type=\"widget\" data-widget_type=\"haru-heading.default\">\n\t\t\t\t<div class=\"elementor-widget-container\">\n\t\t\t\t\t<h2 class=\"haru-heading-title haru-heading-title--description-4\">Cartes de visite, affiches, packaging\u2026 \ndonnez vie \u00e0 vos projets avec pr\u00e9cision et rapidit\u00e9.<\/h2>\t\t\t\t<\/div>\n\t\t\t\t<\/div>\n\t\t\t\t<div class=\"elementor-element elementor-element-5585db9 elementor-widget elementor-widget-haru-text-list\" data-id=\"5585db9\" data-element_type=\"widget\" data-e-type=\"widget\" data-widget_type=\"haru-text-list.default\">\n\t\t\t\t<div class=\"elementor-widget-container\">\n\t\t\t\t\t\n        \t\t        \t<div id=\"haru-text-list-5585db9\" class=\"haru-text-list haru-text-list--style-3\">\n\t        \t\t\t<ul class=\"haru-text-list__list\">\n\t\t\t<li class=\"haru-text-list__item\">\n\t\t          \t<span class=\"text-title\">D\u00e9lai rapide<\/span>\n      \t\t\t      \t<\/li>\n\t\t\t<li class=\"haru-text-list__item\">\n\t\t          \t<span class=\"text-title\">Qualit\u00e9 premium<\/span>\n      \t\t\t      \t<\/li>\n\t\t\t<li class=\"haru-text-list__item\">\n\t\t          \t<span class=\"text-title\">Solutions sur mesure<\/span>\n      \t\t\t      \t<\/li>\n\t\t<\/ul>\n\t    \t\t<\/div>\n    \t\t\n    \t\t\t\t\t\t<\/div>\n\t\t\t\t<\/div>\n\t\t<div class=\"elementor-element elementor-element-58987e1 e-con-full e-flex e-con e-child\" data-id=\"58987e1\" data-element_type=\"container\" data-e-type=\"container\">\n\t\t\t\t<div class=\"elementor-element elementor-element-e00307d elementor-widget elementor-widget-haru-button\" data-id=\"e00307d\" data-element_type=\"widget\" data-e-type=\"widget\" data-widget_type=\"haru-button.default\">\n\t\t\t\t<div class=\"elementor-widget-container\">\n\t\t\t\t\t\n        \t<div class=\"haru-button-wrap\">\n        \t\t<a class=\"haru-button--has-icon haru-button elementor-button1 haru-button--style-1 haru-button--bg-primary haru-button--size-large haru-button--round-normal elementor-button-link1 haru-button-link\" role=\"button\" href=\"https:\/\/agpimprimerie.com\/index.php\/request-a-quote\/\">\n        \t\t\t\t\t\t<span class=\"elementor-button-content-wrapper1 haru-button-content-wrapper\">\n\t\t\t\t\t\t\t\t<span class=\"haru-button-icon haru-align-icon-right\">\n\t\t\t\t\t<i aria-hidden=\"true\" class=\"phosphor phosphor-caret-right\"><\/i>\t\t\t\t<\/span>\n\t\t\t\t\t\t\t\t<span class=\"elementor-button-text1 haru-button-text\">Demandez un devis !<\/span>\n\t\t\t<\/span>\n\t\t\t    \t\t\t<\/a>\n    \t\t<\/div>\n\n    \t\t\t\t\t\t<\/div>\n\t\t\t\t<\/div>\n\t\t\t\t<\/div>\n\t\t\t\t<\/div>\n\t\t\t\t<\/div>\n\t\t<div class=\"elementor-element elementor-element-20bfe7a e-con-full e-flex e-con e-child\" data-id=\"20bfe7a\" data-element_type=\"container\" data-e-type=\"container\">\n\t\t<div class=\"elementor-element elementor-element-e1f4e62 e-con-full e-flex e-con e-child\" data-id=\"e1f4e62\" data-element_type=\"container\" data-e-type=\"container\">\n\t\t\t\t<\/div>\n\t\t<div class=\"elementor-element elementor-element-41a0410 e-con-full e-flex e-con e-child\" data-id=\"41a0410\" data-element_type=\"container\" data-e-type=\"container\">\n\t\t\t\t<\/div>\n\t\t\t\t<\/div>\n\t\t\t\t\t<\/div>\n\t\t\t\t<\/div>\n\t\t<div class=\"elementor-element elementor-element-74c908b e-flex e-con-boxed e-con e-parent\" data-id=\"74c908b\" data-element_type=\"container\" data-e-type=\"container\">\n\t\t\t\t\t<div class=\"e-con-inner\">\n\t\t<div class=\"elementor-element elementor-element-20aab84 e-con-full e-flex e-con e-child\" data-id=\"20aab84\" data-element_type=\"container\" data-e-type=\"container\">\n\t\t\t\t<div class=\"elementor-element elementor-element-2f9bf6a elementor-widget elementor-widget-haru-heading\" data-id=\"2f9bf6a\" data-element_type=\"widget\" data-e-type=\"widget\" data-widget_type=\"haru-heading.default\">\n\t\t\t\t<div class=\"elementor-widget-container\">\n\t\t\t\t\t<h2 class=\"haru-heading-title haru-heading-title--heading-2\">Nos cat\u00e9gories<\/h2>\t\t\t\t<\/div>\n\t\t\t\t<\/div>\n\t\t\t\t<\/div>\n\t\t<div class=\"elementor-element elementor-element-83e64fa e-con-full e-flex e-con e-child\" data-id=\"83e64fa\" data-element_type=\"container\" data-e-type=\"container\">\n\t\t\t\t<div class=\"elementor-element elementor-element-1a261a9 haru-align-right haru-align--mobileleft elementor-widget elementor-widget-haru-button\" data-id=\"1a261a9\" data-element_type=\"widget\" data-e-type=\"widget\" data-widget_type=\"haru-button.default\">\n\t\t\t\t<div class=\"elementor-widget-container\">\n\t\t\t\t\t\n        \t<div class=\"haru-button-wrap\">\n        \t\t<a class=\"haru-button--has-icon haru-button elementor-button1 haru-button--style-3 haru-button--outline haru-button--outline-gray haru-button--size-large haru-button--round-normal elementor-button-link1 haru-button-link\" role=\"button\" href=\"https:\/\/agpimprimerie.com\/index.php\/produits\/\">\n        \t\t\t\t\t\t<span class=\"elementor-button-content-wrapper1 haru-button-content-wrapper\">\n\t\t\t\t\t\t\t\t<span class=\"haru-button-icon haru-align-icon-right\">\n\t\t\t\t\t<i aria-hidden=\"true\" class=\"phosphor phosphor-caret-right\"><\/i>\t\t\t\t<\/span>\n\t\t\t\t\t\t\t\t<span class=\"elementor-button-text1 haru-button-text\">D\u00e9couvrez nos produits<\/span>\n\t\t\t<\/span>\n\t\t\t    \t\t\t<\/a>\n    \t\t<\/div>\n\n    \t\t\t\t\t\t<\/div>\n\t\t\t\t<\/div>\n\t\t\t\t<\/div>\n\t\t\t\t\t<\/div>\n\t\t\t\t<\/div>\n\t\t<div class=\"elementor-element elementor-element-7096687 e-con-full e-flex e-con e-parent\" data-id=\"7096687\" data-element_type=\"container\" data-e-type=\"container\">\n\t\t<div class=\"elementor-element elementor-element-bc8eb1b e-con-full e-flex e-con e-child\" data-id=\"bc8eb1b\" data-element_type=\"container\" data-e-type=\"container\">\n\t\t\t\t<div class=\"elementor-element elementor-element-5b02d95 elementor-widget elementor-widget-haru-banner-list\" data-id=\"5b02d95\" data-element_type=\"widget\" data-e-type=\"widget\" data-widget_type=\"haru-banner-list.default\">\n\t\t\t\t<div class=\"elementor-widget-container\">\n\t\t\t\t\t\n        \t\t        \t<div class=\"haru-banner-list haru-banner-list--slick haru-banner-list--padding\">\n\t        \t\t\n\t\t<ul class=\"haru-banner-list__list haru-slick haru-slick--nav-opacity haru-slick--nav-center\" data-slick='{\"slidesToShow\" : 4, \"slidesToScroll\" : 1, \"arrows\" : true, \"infinite\" : false, \"centerMode\" : false, \"focusOnSelect\" : true, \"vertical\" : false, \"autoplay\": true, \"autoplaySpeed\": 3000, \"responsive\" : [{\"breakpoint\" : 991,\"settings\" : {\"slidesToShow\" : 3, \"slidesToScroll\" : 1}}, {\"breakpoint\" : 767,\"settings\" : {\"slidesToShow\" : 1, \"slidesToScroll\" : 1}}] }'>\n\t\t\t\t\t<li class=\"haru-banner-list__item haru-banner-list__hover-style-6\">\n\t\t\t\t<div class=\"haru-banner-list__item-wrap\">\n\t\t\t\t\t\t      \t\t\t<a href=\"https:\/\/agpimprimerie.com\/index.php\/sacs-shopping\/\"  rel=\"nofollow\">\n\t          \t\t\t\t\t\t\t<div class=\"haru-banner-list__image\">\n\t\t\t\t\t\t<img decoding=\"async\" src=\"https:\/\/agpimprimerie.com\/wp-content\/uploads\/2025\/02\/azur-bolsa-e1741613748765.jpg\" alt=\"Sac Shopping\">\n\t\t      \t\t<\/div>\n\t\t      \t\t<div class=\"haru-banner-list__content\">\n\t\t              \t<h6 class=\"haru-banner-list__title\">Sac Shopping<span class=\"haru-banner-list__sub-title\"><\/span><\/h6>\n\t\t              \t\t\t              \t\t\t              \t<div class=\"haru-banner-list__btn\">\n\t\t              \t\t\t\t              \t\t\t<div class=\"haru-button haru-button--round-normal haru-button--outline-black haru-button--size-medium\">Voir<\/div>\n\t\t              \t\t\t\t              \t<\/div>\n\t\t              \t\t              \t<\/div>\n\t\t      \t\t\t              \t<\/a>\n\t              \t              \t<\/div>\n\t\t\t<\/li>\n\t\t\t\t\t<li class=\"haru-banner-list__item haru-banner-list__hover-style-6\">\n\t\t\t\t<div class=\"haru-banner-list__item-wrap\">\n\t\t\t\t\t\t      \t\t\t<a href=\"https:\/\/agpimprimerie.com\/index.php\/product\/stickers\/\"  rel=\"nofollow\">\n\t          \t\t\t\t\t\t\t<div class=\"haru-banner-list__image\">\n\t\t\t\t\t\t<img decoding=\"async\" src=\"https:\/\/agpimprimerie.com\/wp-content\/uploads\/2025\/03\/sticker-copy-e1742564737142.png\" alt=\"Stickers\">\n\t\t      \t\t<\/div>\n\t\t      \t\t<div class=\"haru-banner-list__content\">\n\t\t              \t<h6 class=\"haru-banner-list__title\">Stickers<span class=\"haru-banner-list__sub-title\"><\/span><\/h6>\n\t\t              \t\t\t              \t\t\t              \t<div class=\"haru-banner-list__btn\">\n\t\t              \t\t\t\t              \t\t\t<div class=\"haru-button haru-button--round-normal haru-button--outline-black haru-button--size-medium\">Voir<\/div>\n\t\t              \t\t\t\t              \t<\/div>\n\t\t              \t\t              \t<\/div>\n\t\t      \t\t\t              \t<\/a>\n\t              \t              \t<\/div>\n\t\t\t<\/li>\n\t\t\t<\/ul>\n\t\n\t    \t\t<\/div>\n    \t\t\n    \t\t\t\t\t\t<\/div>\n\t\t\t\t<\/div>\n\t\t\t\t<\/div>\n\t\t\t\t<\/div>\n\t\t<div class=\"elementor-element elementor-element-fd2fbee e-flex e-con-boxed e-con e-parent\" data-id=\"fd2fbee\" data-element_type=\"container\" data-e-type=\"container\">\n\t\t\t\t\t<div class=\"e-con-inner\">\n\t\t<div class=\"elementor-element elementor-element-4f24dd6 e-con-full e-flex e-con e-child\" data-id=\"4f24dd6\" data-element_type=\"container\" data-e-type=\"container\">\n\t\t\t\t<div class=\"elementor-element elementor-element-7268417 haru-align-center elementor-widget elementor-widget-haru-button\" data-id=\"7268417\" data-element_type=\"widget\" data-e-type=\"widget\" data-widget_type=\"haru-button.default\">\n\t\t\t\t<div class=\"elementor-widget-container\">\n\t\t\t\t\t\n        \t<div class=\"haru-button-wrap\">\n        \t\t<a class=\"haru-button--has-icon haru-button elementor-button1 haru-button--style-3 haru-button--outline haru-button--outline-gray haru-button--size-large haru-button--round-normal elementor-button-link1 haru-button-link\" role=\"button\" href=\"https:\/\/agpimprimerie.com\/index.php\/produits\/\">\n        \t\t\t\t\t\t<span class=\"elementor-button-content-wrapper1 haru-button-content-wrapper\">\n\t\t\t\t\t\t\t\t<span class=\"haru-button-icon haru-align-icon-right\">\n\t\t\t\t\t<i aria-hidden=\"true\" class=\"phosphor phosphor-caret-right\"><\/i>\t\t\t\t<\/span>\n\t\t\t\t\t\t\t\t<span class=\"elementor-button-text1 haru-button-text\">Voir tout nos produits<\/span>\n\t\t\t<\/span>\n\t\t\t    \t\t\t<\/a>\n    \t\t<\/div>\n\n    \t\t\t\t\t\t<\/div>\n\t\t\t\t<\/div>\n\t\t\t\t<\/div>\n\t\t\t\t\t<\/div>\n\t\t\t\t<\/div>\n\t\t<div class=\"elementor-element elementor-element-1f14580 e-flex e-con-boxed e-con e-parent\" data-id=\"1f14580\" data-element_type=\"container\" data-e-type=\"container\">\n\t\t\t\t\t<div class=\"e-con-inner\">\n\t\t<div class=\"elementor-element elementor-element-2a242f6 e-con-full e-flex e-con e-child\" data-id=\"2a242f6\" data-element_type=\"container\" data-e-type=\"container\">\n\t\t\t\t<div class=\"elementor-element elementor-element-0d270c2 elementor-widget elementor-widget-haru-icon-box\" data-id=\"0d270c2\" data-element_type=\"widget\" data-e-type=\"widget\" data-widget_type=\"haru-icon-box.default\">\n\t\t\t\t<div class=\"elementor-widget-container\">\n\t\t\t\t\t\n            \n                <div class=\"haru-icon-box haru-icon-box--style-8\">\n                                            \n                            \n                                <div class=\"haru-icon-box__icon\">\n                                    <span  >\n                                    <i aria-hidden=\"true\" class=\"phosphor phosphor-lightning\"><\/i>                                    <\/span>\n                                <\/div>\n\n                                <div class=\"haru-icon-box__content\">\n                                    <h6 class=\"haru-icon-box__title\">\n                                                                                    Petits prix                                                                            <\/h6>\n                                                                        <p class=\"haru-icon-box__description\">Budgets minimes et qualit\u00e9 ultime<\/p>\n                                                                    <\/div>\n\n                            \n                                            \n                                                                \n                                    <\/div>\n\n            \n            \t\t\t\t<\/div>\n\t\t\t\t<\/div>\n\t\t\t\t<\/div>\n\t\t<div class=\"elementor-element elementor-element-7e26a89 e-con-full e-flex e-con e-child\" data-id=\"7e26a89\" data-element_type=\"container\" data-e-type=\"container\">\n\t\t\t\t<div class=\"elementor-element elementor-element-b6e45ac elementor-widget__width-initial elementor-widget elementor-widget-haru-icon-box\" data-id=\"b6e45ac\" data-element_type=\"widget\" data-e-type=\"widget\" data-widget_type=\"haru-icon-box.default\">\n\t\t\t\t<div class=\"elementor-widget-container\">\n\t\t\t\t\t\n            \n                <div class=\"haru-icon-box haru-icon-box--style-8\">\n                                            \n                            \n                                <div class=\"haru-icon-box__icon\">\n                                    <span  >\n                                    <i aria-hidden=\"true\" class=\"phosphor phosphor-poker-chip\"><\/i>                                    <\/span>\n                                <\/div>\n\n                                <div class=\"haru-icon-box__content\">\n                                    <h6 class=\"haru-icon-box__title\">\n                                                                                    Support gratuit                                                                            <\/h6>\n                                                                        <p class=\"haru-icon-box__description\">A votre \u00e9coute 24h 7j<\/p>\n                                                                    <\/div>\n\n                            \n                                            \n                                                                \n                                    <\/div>\n\n            \n            \t\t\t\t<\/div>\n\t\t\t\t<\/div>\n\t\t\t\t<\/div>\n\t\t<div class=\"elementor-element elementor-element-416e822 e-con-full e-flex e-con e-child\" data-id=\"416e822\" data-element_type=\"container\" data-e-type=\"container\">\n\t\t\t\t<div class=\"elementor-element elementor-element-b52eceb elementor-widget elementor-widget-haru-icon-box\" data-id=\"b52eceb\" data-element_type=\"widget\" data-e-type=\"widget\" data-widget_type=\"haru-icon-box.default\">\n\t\t\t\t<div class=\"elementor-widget-container\">\n\t\t\t\t\t\n            \n                <div class=\"haru-icon-box haru-icon-box--style-8\">\n                                            \n                            \n                                <div class=\"haru-icon-box__icon\">\n                                    <span  >\n                                    <i aria-hidden=\"true\" class=\"phosphor phosphor-truck\"><\/i>                                    <\/span>\n                                <\/div>\n\n                                <div class=\"haru-icon-box__content\">\n                                    <h6 class=\"haru-icon-box__title\">\n                                                                                    Livraison                                                                            <\/h6>\n                                                                        <p class=\"haru-icon-box__description\">Disponible 58 wilayas<\/p>\n                                                                    <\/div>\n\n                            \n                                            \n                                                                \n                                    <\/div>\n\n            \n            \t\t\t\t<\/div>\n\t\t\t\t<\/div>\n\t\t\t\t<\/div>\n\t\t\t\t\t<\/div>\n\t\t\t\t<\/div>\n\t\t\t\t<\/div>\n\t\t","protected":false},"excerpt":{"rendered":"<p>Imprimerie AGP Faites bonne impression! Cartes de visite, affiches, packaging\u2026 donnez vie \u00e0 vos projets avec pr\u00e9cision et rapidit\u00e9. D\u00e9lai rapide Qualit\u00e9 premium Solutions sur mesure Demandez un devis ! Nos cat\u00e9gories D\u00e9couvrez nos produits Sac Shopping Voir Stickers Voir Voir tout nos produits Petits prix Budgets minimes et qualit\u00e9 ultime Support gratuit A votre [&hellip;]<\/p>\n","protected":false},"author":1,"featured_media":0,"parent":0,"menu_order":0,"comment_status":"closed","ping_status":"closed","template":"","meta":{"footnotes":""},"class_list":["post-25","page","type-page","status-publish","hentry"],"_links":{"self":[{"href":"https:\/\/agpimprimerie.com\/index.php\/wp-json\/wp\/v2\/pages\/25","targetHints":{"allow":["GET"]}}],"collection":[{"href":"https:\/\/agpimprimerie.com\/index.php\/wp-json\/wp\/v2\/pages"}],"about":[{"href":"https:\/\/agpimprimerie.com\/index.php\/wp-json\/wp\/v2\/types\/page"}],"author":[{"embeddable":true,"href":"https:\/\/agpimprimerie.com\/index.php\/wp-json\/wp\/v2\/users\/1"}],"replies":[{"embeddable":true,"href":"https:\/\/agpimprimerie.com\/index.php\/wp-json\/wp\/v2\/comments?post=25"}],"version-history":[{"count":111,"href":"https:\/\/agpimprimerie.com\/index.php\/wp-json\/wp\/v2\/pages\/25\/revisions"}],"predecessor-version":[{"id":13272,"href":"https:\/\/agpimprimerie.com\/index.php\/wp-json\/wp\/v2\/pages\/25\/revisions\/13272"}],"wp:attachment":[{"href":"https:\/\/agpimprimerie.com\/index.php\/wp-json\/wp\/v2\/media?parent=25"}],"curies":[{"name":"wp","href":"https:\/\/api.w.org\/{rel}","templated":true}]}}